{"id":347,"date":"2025-08-05T10:11:22","date_gmt":"2025-08-05T10:11:22","guid":{"rendered":"https:\/\/ya-toula.com\/?page_id=347"},"modified":"2025-08-13T12:58:05","modified_gmt":"2025-08-13T12:58:05","slug":"accueil","status":"publish","type":"page","link":"https:\/\/ya-toula.com\/","title":{"rendered":"Yatoula"},"content":{"rendered":"\n<h2 class=\"wp-block-heading\">Les vid\u00e9os de nos clients<\/h2>\n\n\n<section class=\"sec-spacer full-width\" id=\"astrology-insights\"><div class=\"container container-center\"><h3 class=\"display-5 ls-0 fw-normal text-center mt-5\"><\/h3><div class=\"row\"><div class=\"col-md-4 col-sm-6\"><div class=\"tish-image-effect rounded-3\"><img decoding=\"async\" src=\"https:\/\/ya-toula.com\/wp-content\/uploads\/2025\/08\/stellina-photography.webp\" alt=\"Stellina &#8211; photographie\"><div class=\"caption\"><h3>Stellina &#8211; photographie<\/h3><p><!-- wp:paragraph -->\n<p>Votre sp\u00e9cialiste en photo de mode et style.<\/p>\n<!-- \/wp:paragraph -->\n\n<...<\/p><\/div><div class=\"link-wrap\"><a href=\"https:\/\/ya-toula.com\/wp-content\/uploads\/2025\/08\/stellina-photography.webp\" class=\"simple-lightbox\"><i class=\"fa fa-search\"><\/i><\/a><a href=\"https:\/\/ya-toula.com\/index.php\/project\/stellina-photographie\/\"><i class=\"fa fa-link\"><\/i><\/a><\/div><\/div><\/div><div class=\"col-md-4 col-sm-6\"><div class=\"tish-image-effect rounded-3\"><img decoding=\"async\" src=\"https:\/\/ya-toula.com\/wp-content\/uploads\/2025\/08\/elenarou.webp\" alt=\"Naturopathie Elena Rouvier\"><div class=\"caption\"><h3>Naturopathie Elena Rouvier<\/h3><p><!-- wp:paragraph -->\n<p>Je suis Elena Rouvier, praticienne en naturopathie et art-th\u00e9rapie. J\u2019ai&#8230;<\/p><\/div><div class=\"link-wrap\"><a href=\"https:\/\/ya-toula.com\/wp-content\/uploads\/2025\/08\/elenarou.webp\" class=\"simple-lightbox\"><i class=\"fa fa-search\"><\/i><\/a><a href=\"https:\/\/ya-toula.com\/index.php\/project\/naturopathie-elena-rouvier\/\"><i class=\"fa fa-link\"><\/i><\/a><\/div><\/div><\/div><div class=\"col-md-4 col-sm-6\"><div class=\"tish-image-effect rounded-3\"><img decoding=\"async\" src=\"https:\/\/ya-toula.com\/wp-content\/uploads\/2025\/08\/projet-600-327-gwen-consult.webp\" alt=\"Gwen Consult BTP\"><div class=\"caption\"><h3>Gwen Consult BTP<\/h3><p><!-- wp:paragraph -->\n<p>J&rsquo;aide les entrepreneurs \u00e0 augmenter leur chiffre d&rsquo;affaires et je fais to&#8230;<\/p><\/div><div class=\"link-wrap\"><a href=\"https:\/\/ya-toula.com\/wp-content\/uploads\/2025\/08\/projet-600-327-gwen-consult.webp\" class=\"simple-lightbox\"><i class=\"fa fa-search\"><\/i><\/a><a href=\"https:\/\/ya-toula.com\/index.php\/project\/gwen-consult-btp\/\"><i class=\"fa fa-link\"><\/i><\/a><\/div><\/div><\/div><div class=\"col-md-4 col-sm-6\"><div class=\"tish-image-effect rounded-3\"><img decoding=\"async\" src=\"https:\/\/ya-toula.com\/wp-content\/uploads\/2025\/08\/projet-600-327-daumus.webp\" alt=\"Daumus &#8211; dites STOP \u00e0 l&rsquo;humidit\u00e9 !\"><div class=\"caption\"><h3>Daumus &#8211; dites STOP \u00e0 l&rsquo;humidit\u00e9 !<\/h3><p><!-- wp:paragraph -->\n<p>Gr\u00e2ce \u00e0 Daumus, vous n&rsquo;aurez plus de soucis d&rsquo;humidit\u00e9 dans votre maison&#8230;<\/p><\/div><div class=\"link-wrap\"><a href=\"https:\/\/ya-toula.com\/wp-content\/uploads\/2025\/08\/projet-600-327-daumus.webp\" class=\"simple-lightbox\"><i class=\"fa fa-search\"><\/i><\/a><a href=\"https:\/\/ya-toula.com\/index.php\/project\/daumus-dites-stop-a-lhumidite\/\"><i class=\"fa fa-link\"><\/i><\/a><\/div><\/div><\/div><div class=\"col-md-4 col-sm-6\"><div class=\"tish-image-effect rounded-3\"><img decoding=\"async\" src=\"https:\/\/ya-toula.com\/wp-content\/uploads\/2025\/08\/projet-600-327-renarde-qui-passe.png\" alt=\"La renarde qui passe\"><div class=\"caption\"><h3>La renarde qui passe<\/h3><p><!-- wp:paragraph -->\n<p>Tatoueuse avec son joli style Halloween et spooky. N&rsquo;h\u00e9sitez pas \u00e0 consul&#8230;<\/p><\/div><div class=\"link-wrap\"><a href=\"https:\/\/ya-toula.com\/wp-content\/uploads\/2025\/08\/projet-600-327-renarde-qui-passe.png\" class=\"simple-lightbox\"><i class=\"fa fa-search\"><\/i><\/a><a href=\"https:\/\/ya-toula.com\/index.php\/project\/la-renarde-qui-passe\/\"><i class=\"fa fa-link\"><\/i><\/a><\/div><\/div><\/div><\/div><\/div><\/section>\n\n\n<hr class=\"wp-block-separator has-alpha-channel-opacity\"\/>\n\n\n\n<h2 class=\"wp-block-heading\">T\u00e9moignages de nos clients<\/h2>\n\n\n\n<div class=\"wp-block-group\"><div class=\"wp-block-group__inner-container is-layout-constrained wp-block-group-is-layout-constrained\">\n<div class=\"wp-block-columns is-layout-flex wp-container-core-columns-is-layout-9d6595d7 wp-block-columns-is-layout-flex\">\n<div class=\"wp-block-column is-layout-flow wp-block-column-is-layout-flow\" style=\"flex-basis:100%\"><\/div>\n<\/div>\n<\/div><\/div>\n\n\n\n<div class=\"wp-block-group\"><div class=\"wp-block-group__inner-container is-layout-constrained wp-block-group-is-layout-constrained\">\n<div class=\"wp-block-columns is-layout-flex wp-container-core-columns-is-layout-9d6595d7 wp-block-columns-is-layout-flex\">\n<div class=\"wp-block-column is-layout-flow wp-block-column-is-layout-flow\" style=\"flex-basis:100%\"><div class=\"full-width\"><div id=\"testimonials\" class=\"section parallax scroll-detect m-0 border-top-0 dark py-6\"><img decoding=\"async\" src=\"https:\/\/ya-toula.com\/wp-content\/themes\/tishastrology2\/images\/parallax.jpg\" class=\"parallax-bg\"><div class=\"container\"><div class=\"row g-5 mb-5\"><div class=\"col-lg-6\"><div class=\"card rounded-6 overflow-hidden shadow-0 h-100\" style=\"--bs-card-bg:rgba(0,0,0,.35);\"><div class=\"card-body p-4\"><div class=\"row\"><div class=\"col-auto pt-2\"><img fetchpriority=\"high\" decoding=\"async\" width=\"1280\" height=\"853\" src=\"https:\/\/ya-toula.com\/wp-content\/uploads\/2025\/08\/woman-9032881_1280.webp\" class=\"testimonial-img wp-post-image\" alt=\"Exp\u00e9rience extraordinaire !\" srcset=\"https:\/\/ya-toula.com\/wp-content\/uploads\/2025\/08\/woman-9032881_1280.webp 1280w, https:\/\/ya-toula.com\/wp-content\/uploads\/2025\/08\/woman-9032881_1280-300x200.webp 300w, https:\/\/ya-toula.com\/wp-content\/uploads\/2025\/08\/woman-9032881_1280-1024x682.webp 1024w, https:\/\/ya-toula.com\/wp-content\/uploads\/2025\/08\/woman-9032881_1280-768x512.webp 768w\" sizes=\"(max-width: 1280px) 100vw, 1280px\" \/><\/div><div class=\"col\"><p class=\"mb-3 font-secondary text-medium text-white\"><!-- wp:paragraph -->\n<p>Merci pour l&rsquo;exp\u00e9rience extraordinaire et pour tous les nouveaux clients qui m&rsquo;ont trouv\u00e9 depuis que je suis sur Yatoula. C&rsquo;est un plaisir de travailler avec vous !<\/p>\n<!-- \/wp:paragraph --><\/p><h4 class=\"h6 mb-0 fw-medium\">Luna T.<\/h4><small class=\"op-06\">Artiste peintre<\/small><\/div><\/div><\/div><\/div><\/div><div class=\"col-lg-6\"><div class=\"card rounded-6 overflow-hidden shadow-0 h-100\" style=\"--bs-card-bg:rgba(0,0,0,.35);\"><div class=\"card-body p-4\"><div class=\"row\"><div class=\"col-auto pt-2\"><img decoding=\"async\" width=\"1280\" height=\"733\" src=\"https:\/\/ya-toula.com\/wp-content\/uploads\/2025\/08\/man-3672010_1280.jpg\" class=\"testimonial-img wp-post-image\" alt=\"Une belle exp\u00e9rience\" srcset=\"https:\/\/ya-toula.com\/wp-content\/uploads\/2025\/08\/man-3672010_1280.jpg 1280w, https:\/\/ya-toula.com\/wp-content\/uploads\/2025\/08\/man-3672010_1280-300x172.jpg 300w, https:\/\/ya-toula.com\/wp-content\/uploads\/2025\/08\/man-3672010_1280-1024x586.jpg 1024w, https:\/\/ya-toula.com\/wp-content\/uploads\/2025\/08\/man-3672010_1280-768x440.jpg 768w\" sizes=\"(max-width: 1280px) 100vw, 1280px\" \/><\/div><div class=\"col\"><p class=\"mb-3 font-secondary text-medium text-white\"><!-- wp:paragraph -->\n<p>Quelle belle exp\u00e9rience de tourner les vid\u00e9os avec l&rsquo;\u00e9quipe Yatoula ! En une apr\u00e8s-midi, la vid\u00e9o sur mon entreprise fut tourn\u00e9e, avec professionnalisme et humour !<\/p>\n<!-- \/wp:paragraph --><\/p><h4 class=\"h6 mb-0 fw-medium\">Arnaud Dupont<\/h4><small class=\"op-06\">Photographe<\/small><\/div><\/div><\/div><\/div><\/div><div class=\"col-lg-6\"><div class=\"card rounded-6 overflow-hidden shadow-0 h-100\" style=\"--bs-card-bg:rgba(0,0,0,.35);\"><div class=\"card-body p-4\"><div class=\"row\"><div class=\"col-auto pt-2\"><img decoding=\"async\" width=\"640\" height=\"360\" src=\"https:\/\/ya-toula.com\/wp-content\/uploads\/2025\/08\/elena-rouvier.png\" class=\"testimonial-img wp-post-image\" alt=\"Le nombre de mes clients a doubl\u00e9 !\" srcset=\"https:\/\/ya-toula.com\/wp-content\/uploads\/2025\/08\/elena-rouvier.png 640w, https:\/\/ya-toula.com\/wp-content\/uploads\/2025\/08\/elena-rouvier-300x169.png 300w\" sizes=\"(max-width: 640px) 100vw, 640px\" \/><\/div><div class=\"col\"><p class=\"mb-3 font-secondary text-medium text-white\"><!-- wp:paragraph -->\n<p>Depuis que je suis pr\u00e9sente sur Yatoula, le nombre de mes accompagnements a doubl\u00e9 ! Je n&rsquo;en crois pas mes yeux !<br>Merci, Yatoula !<\/p>\n<!-- \/wp:paragraph -->\n\n<!-- wp:paragraph -->\n<p><\/p>\n<!-- \/wp:paragraph --><\/p><h4 class=\"h6 mb-0 fw-medium\">Elena Rouvier<\/h4><small class=\"op-06\">Naturopathe<\/small><\/div><\/div><\/div><\/div><\/div><\/div><\/div><\/div><\/div><\/div>\n<\/div>\n<\/div><\/div>\n\n\n\n<hr class=\"wp-block-separator has-alpha-channel-opacity\"\/>\n\n\n\n<h2 class=\"wp-block-heading\">Nos partenaires<\/h2>\n\n\n<section class=\"as_service_wrapper\"><div class=\"container\"><div class=\"row\"><div class=\"col-lg-3 col-md-6 col-sm-6 col-xs-12\"><div class=\"as_service_box text-center\"><span class=\"as_icon\"><a href=\"https:\/\/www.instagram.com\/stellina_bellavita\/\" title=\"Stellina &#8211; photographie\"><img loading=\"lazy\" decoding=\"async\" width=\"600\" height=\"600\" src=\"https:\/\/ya-toula.com\/wp-content\/uploads\/2025\/09\/stellina-photography.webp\" class=\"attachment-full size-full wp-post-image\" alt=\"\" srcset=\"https:\/\/ya-toula.com\/wp-content\/uploads\/2025\/09\/stellina-photography.webp 600w, https:\/\/ya-toula.com\/wp-content\/uploads\/2025\/09\/stellina-photography-300x300.webp 300w, https:\/\/ya-toula.com\/wp-content\/uploads\/2025\/09\/stellina-photography-150x150.webp 150w\" sizes=\"(max-width: 600px) 100vw, 600px\" \/><\/a><\/span><\/div><\/div><div class=\"col-lg-3 col-md-6 col-sm-6 col-xs-12\"><div class=\"as_service_box text-center\"><span class=\"as_icon\"><a href=\"https:\/\/www.daumus.com\/\" title=\"Daumus &#8211; traitements de l&rsquo;humidit\u00e9\"><img loading=\"lazy\" decoding=\"async\" width=\"600\" height=\"600\" src=\"https:\/\/ya-toula.com\/wp-content\/uploads\/2025\/09\/daumus.webp\" class=\"attachment-full size-full wp-post-image\" alt=\"\" srcset=\"https:\/\/ya-toula.com\/wp-content\/uploads\/2025\/09\/daumus.webp 600w, https:\/\/ya-toula.com\/wp-content\/uploads\/2025\/09\/daumus-300x300.webp 300w, https:\/\/ya-toula.com\/wp-content\/uploads\/2025\/09\/daumus-150x150.webp 150w\" sizes=\"(max-width: 600px) 100vw, 600px\" \/><\/a><\/span><\/div><\/div><div class=\"col-lg-3 col-md-6 col-sm-6 col-xs-12\"><div class=\"as_service_box text-center\"><span class=\"as_icon\"><a href=\"https:\/\/elenarou.fr\" title=\"Elena Rouvier Naturopathie\"><img loading=\"lazy\" decoding=\"async\" width=\"600\" height=\"600\" src=\"https:\/\/ya-toula.com\/wp-content\/uploads\/2025\/08\/client-yatoula-600-600-elenarou.webp\" class=\"attachment-full size-full wp-post-image\" alt=\"\" srcset=\"https:\/\/ya-toula.com\/wp-content\/uploads\/2025\/08\/client-yatoula-600-600-elenarou.webp 600w, https:\/\/ya-toula.com\/wp-content\/uploads\/2025\/08\/client-yatoula-600-600-elenarou-300x300.webp 300w, https:\/\/ya-toula.com\/wp-content\/uploads\/2025\/08\/client-yatoula-600-600-elenarou-150x150.webp 150w\" sizes=\"(max-width: 600px) 100vw, 600px\" \/><\/a><\/span><\/div><\/div><div class=\"col-lg-3 col-md-6 col-sm-6 col-xs-12\"><div class=\"as_service_box text-center\"><span class=\"as_icon\"><a href=\"https:\/\/www.instagram.com\/gweeenc8\/\" title=\"Energie d&rsquo;une dame dans un monde de briques\"><img loading=\"lazy\" decoding=\"async\" width=\"600\" height=\"600\" src=\"https:\/\/ya-toula.com\/wp-content\/uploads\/2025\/08\/client-yatoula-600-600-gwen-consult.png\" class=\"attachment-full size-full wp-post-image\" alt=\"\" srcset=\"https:\/\/ya-toula.com\/wp-content\/uploads\/2025\/08\/client-yatoula-600-600-gwen-consult.png 600w, https:\/\/ya-toula.com\/wp-content\/uploads\/2025\/08\/client-yatoula-600-600-gwen-consult-300x300.png 300w, https:\/\/ya-toula.com\/wp-content\/uploads\/2025\/08\/client-yatoula-600-600-gwen-consult-150x150.png 150w\" sizes=\"(max-width: 600px) 100vw, 600px\" \/><\/a><\/span><\/div><\/div><div class=\"col-lg-3 col-md-6 col-sm-6 col-xs-12\"><div class=\"as_service_box text-center\"><span class=\"as_icon\"><a href=\"https:\/\/www.instagram.com\/larenardequipasse\/\" title=\"La renarde qui passe\"><img loading=\"lazy\" decoding=\"async\" width=\"600\" height=\"600\" src=\"https:\/\/ya-toula.com\/wp-content\/uploads\/2025\/08\/client-yatoula-600-600-renarde-qui-passe.webp\" class=\"attachment-full size-full wp-post-image\" alt=\"\" srcset=\"https:\/\/ya-toula.com\/wp-content\/uploads\/2025\/08\/client-yatoula-600-600-renarde-qui-passe.webp 600w, https:\/\/ya-toula.com\/wp-content\/uploads\/2025\/08\/client-yatoula-600-600-renarde-qui-passe-300x300.webp 300w, https:\/\/ya-toula.com\/wp-content\/uploads\/2025\/08\/client-yatoula-600-600-renarde-qui-passe-150x150.webp 150w\" sizes=\"(max-width: 600px) 100vw, 600px\" \/><\/a><\/span><\/div><\/div><\/div><\/div><\/section>\n\n\n<p><\/p>\n","protected":false},"excerpt":{"rendered":"<p>Les vid\u00e9os de nos clients T\u00e9moignages de nos clients Nos partenaires<\/p>\n","protected":false},"author":1,"featured_media":0,"parent":0,"menu_order":0,"comment_status":"closed","ping_status":"closed","template":"","meta":{"footnotes":""},"class_list":["post-347","page","type-page","status-publish","hentry"],"yoast_head":"<!-- This site is optimized with the Yoast SEO plugin v25.4 - https:\/\/yoast.com\/wordpress\/plugins\/seo\/ -->\n<title>Yatoula -<\/title>\n<meta name=\"robots\" content=\"index, follow, max-snippet:-1, max-image-preview:large, max-video-preview:-1\" \/>\n<link rel=\"canonical\" href=\"https:\/\/ya-toula.com\/\" \/>\n<meta property=\"og:locale\" content=\"fr_FR\" \/>\n<meta property=\"og:type\" content=\"article\" \/>\n<meta property=\"og:title\" content=\"Yatoula -\" \/>\n<meta property=\"og:description\" content=\"Les vid\u00e9os de nos clients T\u00e9moignages de nos clients Nos partenaires\" \/>\n<meta property=\"og:url\" content=\"https:\/\/ya-toula.com\/\" \/>\n<meta property=\"article:modified_time\" content=\"2025-08-13T12:58:05+00:00\" \/>\n<meta name=\"twitter:card\" content=\"summary_large_image\" \/>\n<meta name=\"twitter:label1\" content=\"Dur\u00e9e de lecture est.\" \/>\n\t<meta name=\"twitter:data1\" content=\"1 minute\" \/>\n<script type=\"application\/ld+json\" class=\"yoast-schema-graph\">{\"@context\":\"https:\/\/schema.org\",\"@graph\":[{\"@type\":\"WebPage\",\"@id\":\"https:\/\/ya-toula.com\/\",\"url\":\"https:\/\/ya-toula.com\/\",\"name\":\"Yatoula -\",\"isPartOf\":{\"@id\":\"https:\/\/ya-toula.com\/#website\"},\"datePublished\":\"2025-08-05T10:11:22+00:00\",\"dateModified\":\"2025-08-13T12:58:05+00:00\",\"breadcrumb\":{\"@id\":\"https:\/\/ya-toula.com\/#breadcrumb\"},\"inLanguage\":\"fr-BE\",\"potentialAction\":[{\"@type\":\"ReadAction\",\"target\":[\"https:\/\/ya-toula.com\/\"]}]},{\"@type\":\"BreadcrumbList\",\"@id\":\"https:\/\/ya-toula.com\/#breadcrumb\",\"itemListElement\":[{\"@type\":\"ListItem\",\"position\":1,\"name\":\"Accueil\",\"item\":\"https:\/\/ya-toula.com\/\"},{\"@type\":\"ListItem\",\"position\":2,\"name\":\"Yatoula\"}]},{\"@type\":\"WebSite\",\"@id\":\"https:\/\/ya-toula.com\/#website\",\"url\":\"https:\/\/ya-toula.com\/\",\"name\":\"\",\"description\":\"\",\"potentialAction\":[{\"@type\":\"SearchAction\",\"target\":{\"@type\":\"EntryPoint\",\"urlTemplate\":\"https:\/\/ya-toula.com\/?s={search_term_string}\"},\"query-input\":{\"@type\":\"PropertyValueSpecification\",\"valueRequired\":true,\"valueName\":\"search_term_string\"}}],\"inLanguage\":\"fr-BE\"}]}<\/script>\n<!-- \/ Yoast SEO plugin. -->","yoast_head_json":{"title":"Yatoula -","robots":{"index":"index","follow":"follow","max-snippet":"max-snippet:-1","max-image-preview":"max-image-preview:large","max-video-preview":"max-video-preview:-1"},"canonical":"https:\/\/ya-toula.com\/","og_locale":"fr_FR","og_type":"article","og_title":"Yatoula -","og_description":"Les vid\u00e9os de nos clients T\u00e9moignages de nos clients Nos partenaires","og_url":"https:\/\/ya-toula.com\/","article_modified_time":"2025-08-13T12:58:05+00:00","twitter_card":"summary_large_image","twitter_misc":{"Dur\u00e9e de lecture est.":"1 minute"},"schema":{"@context":"https:\/\/schema.org","@graph":[{"@type":"WebPage","@id":"https:\/\/ya-toula.com\/","url":"https:\/\/ya-toula.com\/","name":"Yatoula -","isPartOf":{"@id":"https:\/\/ya-toula.com\/#website"},"datePublished":"2025-08-05T10:11:22+00:00","dateModified":"2025-08-13T12:58:05+00:00","breadcrumb":{"@id":"https:\/\/ya-toula.com\/#breadcrumb"},"inLanguage":"fr-BE","potentialAction":[{"@type":"ReadAction","target":["https:\/\/ya-toula.com\/"]}]},{"@type":"BreadcrumbList","@id":"https:\/\/ya-toula.com\/#breadcrumb","itemListElement":[{"@type":"ListItem","position":1,"name":"Accueil","item":"https:\/\/ya-toula.com\/"},{"@type":"ListItem","position":2,"name":"Yatoula"}]},{"@type":"WebSite","@id":"https:\/\/ya-toula.com\/#website","url":"https:\/\/ya-toula.com\/","name":"","description":"","potentialAction":[{"@type":"SearchAction","target":{"@type":"EntryPoint","urlTemplate":"https:\/\/ya-toula.com\/?s={search_term_string}"},"query-input":{"@type":"PropertyValueSpecification","valueRequired":true,"valueName":"search_term_string"}}],"inLanguage":"fr-BE"}]}},"_links":{"self":[{"href":"https:\/\/ya-toula.com\/index.php\/wp-json\/wp\/v2\/pages\/347","targetHints":{"allow":["GET"]}}],"collection":[{"href":"https:\/\/ya-toula.com\/index.php\/wp-json\/wp\/v2\/pages"}],"about":[{"href":"https:\/\/ya-toula.com\/index.php\/wp-json\/wp\/v2\/types\/page"}],"author":[{"embeddable":true,"href":"https:\/\/ya-toula.com\/index.php\/wp-json\/wp\/v2\/users\/1"}],"replies":[{"embeddable":true,"href":"https:\/\/ya-toula.com\/index.php\/wp-json\/wp\/v2\/comments?post=347"}],"version-history":[{"count":16,"href":"https:\/\/ya-toula.com\/index.php\/wp-json\/wp\/v2\/pages\/347\/revisions"}],"predecessor-version":[{"id":422,"href":"https:\/\/ya-toula.com\/index.php\/wp-json\/wp\/v2\/pages\/347\/revisions\/422"}],"wp:attachment":[{"href":"https:\/\/ya-toula.com\/index.php\/wp-json\/wp\/v2\/media?parent=347"}],"curies":[{"name":"wp","href":"https:\/\/api.w.org\/{rel}","templated":true}]}}